{"id":9223,"date":"2019-07-10T09:41:12","date_gmt":"2019-07-10T07:41:12","guid":{"rendered":"https:\/\/amalfilemonexperience.it\/?post_type=product&#038;p=9223"},"modified":"2025-07-24T15:28:38","modified_gmt":"2025-07-24T13:28:38","slug":"cooking-class-privato","status":"publish","type":"product","link":"https:\/\/www.amalfilemonexperience.it\/it\/tour\/cooking-class-privato\/","title":{"rendered":"Cooking class privato <span>17:30<\/span>"},"content":{"rendered":"<p>La cucina tipica campana \u00e8 tra le pi\u00f9 amate al mondo. Sapori semplici, ma intensi, di cui sono protagonisti i prodotti della terra, attirano i palati dei turisti di ogni provenienza. Perch\u00e8 fermarvi solo a gustarla quando potete cimentarvi in prima persona ai fornelli? La famiglia Aceto ti ospiter\u00e0 nella sua cucina, guidandoti passo dopo passo nella preparazione di un men\u00f9 completo tipico campano. Piatti semplici e saporiti che imparerete a cucinare divertendovi, e poi gusterete all&#8217;aperto nella nostra affascinante location circondata da limoneti.\u00a0 Dal primo al dessert, dovrai cimentarti nella preparazione di tutte le portate, perch\u00e9 sai, il nostro motto \u00e8 \u201cSe non cucini, non mangi!\u201d. Non si tratta semplicemente di un corso di cucina, \u00e8 un\u2019esperienza per godere appieno dei sapori e dei profumi della nostra amata Costiera e trascorrere il tempo in allegria.<\/p>\n<p>La volont\u00e0 di trasmettere le propriet\u00e0 benefiche dei nostri limoni sono state il l\u00e0 per dare inizio a questo progetto di <strong>Cooking Class<\/strong> basata sulla dieta mediterranea con piatti tipici in cui il nostro limone sfusato \u00e8 tra gli ingredienti principali.<\/p>\n<p><a href=\"https:\/\/amalfilemonexperience.it\/it\/cooking-classes\/\">SCOPRI DI PI<span class=\"st\">\u00d9 SULLE COOKING CLASSES<\/span><\/a><\/p>\n","protected":false},"excerpt":{"rendered":"<div class=\"woocommerce-product-details__short-description\">\n<p><strong>Orari:<\/strong> Partenza alle 17:30<\/p>\n<p><strong>Durata:<\/strong> 4 ore circa<\/p>\n<p><strong>Partecipanti:<\/strong> Minimo 2 \u2013 Massimo 15 persone<\/p>\n<p><strong>NB. NON \u00c8 POSSIBILE PARCHEGGIARE PRESSO LA STRUTTURA<\/strong><\/p>\n<div class=\"projektor-plugin-setting-wrap\">[global-section id=\"24075\"]<\/div>\n<\/div>\n","protected":false},"featured_media":303,"comment_status":"closed","ping_status":"closed","template":"","meta":[],"product_brand":[],"product_cat":[235],"product_tag":[],"class_list":{"0":"post-9223","1":"product","2":"type-product","3":"status-publish","4":"has-post-thumbnail","6":"product_cat-cooking-class","8":"first","9":"instock","10":"featured","11":"shipping-taxable","12":"purchasable","13":"product-type-simple"},"_links":{"self":[{"href":"https:\/\/www.amalfilemonexperience.it\/it\/wp-json\/wp\/v2\/product\/9223","targetHints":{"allow":["GET"]}}],"collection":[{"href":"https:\/\/www.amalfilemonexperience.it\/it\/wp-json\/wp\/v2\/product"}],"about":[{"href":"https:\/\/www.amalfilemonexperience.it\/it\/wp-json\/wp\/v2\/types\/product"}],"replies":[{"embeddable":true,"href":"https:\/\/www.amalfilemonexperience.it\/it\/wp-json\/wp\/v2\/comments?post=9223"}],"wp:featuredmedia":[{"embeddable":true,"href":"https:\/\/www.amalfilemonexperience.it\/it\/wp-json\/wp\/v2\/media\/303"}],"wp:attachment":[{"href":"https:\/\/www.amalfilemonexperience.it\/it\/wp-json\/wp\/v2\/media?parent=9223"}],"wp:term":[{"taxonomy":"product_brand","embeddable":true,"href":"https:\/\/www.amalfilemonexperience.it\/it\/wp-json\/wp\/v2\/product_brand?post=9223"},{"taxonomy":"product_cat","embeddable":true,"href":"https:\/\/www.amalfilemonexperience.it\/it\/wp-json\/wp\/v2\/product_cat?post=9223"},{"taxonomy":"product_tag","embeddable":true,"href":"https:\/\/www.amalfilemonexperience.it\/it\/wp-json\/wp\/v2\/product_tag?post=9223"}],"curies":[{"name":"wp","href":"https:\/\/api.w.org\/{rel}","templated":true}]}}