{"id":9220,"date":"2019-07-10T09:01:37","date_gmt":"2019-07-10T07:01:37","guid":{"rendered":"https:\/\/amalfilemonexperience.it\/?post_type=product&#038;p=9220"},"modified":"2025-07-24T15:21:12","modified_gmt":"2025-07-24T13:21:12","slug":"cooking-class-classico","status":"publish","type":"product","link":"https:\/\/www.amalfilemonexperience.it\/it\/tour\/cooking-class-classico\/","title":{"rendered":"Cooking class classico <span>11:45<\/span>"},"content":{"rendered":"<p>Vuoi assaggiare la cucina tipica della Costiera Amalfitana vivendo quest&#8217;esperienza culinaria da protagonista, imparando le ricette e cimentandoti ai fornelli in prima persona? Indossa il grembiule e partecipa alla nostra<strong> Cooking Class!<\/strong> In una location speciale, intima e familiare, circondata da limoneti, cucinerai piatti tipici della tradizione campana.<\/p>\n<p>Sono tanti i prodotti della nostra terra che rendono speciale la nostra cucina e tra questi c&#8217;\u00e8 il limone. La volont\u00e0 di trasmettere le propriet\u00e0 benefiche del nostro Sfusato sono state il l\u00e0 per dare inizio a questo progetto di Cooking Class basato sulla dieta mediterranea con piatti tipici in cui il nostro limone \u00e8 tra gli ingredienti principali.<\/p>\n<p>Dal primo al dessert, dovrai cimentarti nella preparazione di tutte le portate, perch\u00e9 sai, il nostro motto \u00e8 \u201cSe non cucini, non mangi!&#8221;. Non ti proponiamo un semplice corso di cucina, ma un\u2019esperienza per godere appieno dei sapori e dei profumi della nostra amata Costiera e trascorrere il tempo in allegria.<\/p>\n<p>Al termine della lezione, se vorrai potrai intrattenerti ulteriormente e goderti l&#8217;atmosfera dei limoneti.<\/p>\n<p>Armati di curiosit\u00e0 e tanto appetito, a tutto il resto ci pensiamo noi!<\/p>\n<p><a href=\"https:\/\/amalfilemonexperience.it\/it\/cooking-classes\/\">SCOPRI DI PI\u00d9 SULLE COOKING CLASSES<\/a><\/p>\n","protected":false},"excerpt":{"rendered":"<p><strong>Orari<\/strong>: Partenza ore 11:45<\/p>\n<p><strong>Durata:<\/strong> 4 ore<\/p>\n<p><strong>Partecipanti:<\/strong> Minimo 2 &#8211; Massimo 15 persone<\/p>\n<p><strong>NB. NON \u00c8 POSSIBILE PARCHEGGIARE PRESSO LA STRUTTURA<\/strong><\/p>\n[global-section slug=\"meeting-point-at-the-farm\"]\n","protected":false},"featured_media":324,"comment_status":"closed","ping_status":"closed","template":"","meta":[],"product_brand":[],"product_cat":[235],"product_tag":[],"class_list":{"0":"post-9220","1":"product","2":"type-product","3":"status-publish","4":"has-post-thumbnail","6":"product_cat-cooking-class","8":"first","9":"instock","10":"featured","11":"shipping-taxable","12":"purchasable","13":"product-type-simple"},"_links":{"self":[{"href":"https:\/\/www.amalfilemonexperience.it\/it\/wp-json\/wp\/v2\/product\/9220","targetHints":{"allow":["GET"]}}],"collection":[{"href":"https:\/\/www.amalfilemonexperience.it\/it\/wp-json\/wp\/v2\/product"}],"about":[{"href":"https:\/\/www.amalfilemonexperience.it\/it\/wp-json\/wp\/v2\/types\/product"}],"replies":[{"embeddable":true,"href":"https:\/\/www.amalfilemonexperience.it\/it\/wp-json\/wp\/v2\/comments?post=9220"}],"wp:featuredmedia":[{"embeddable":true,"href":"https:\/\/www.amalfilemonexperience.it\/it\/wp-json\/wp\/v2\/media\/324"}],"wp:attachment":[{"href":"https:\/\/www.amalfilemonexperience.it\/it\/wp-json\/wp\/v2\/media?parent=9220"}],"wp:term":[{"taxonomy":"product_brand","embeddable":true,"href":"https:\/\/www.amalfilemonexperience.it\/it\/wp-json\/wp\/v2\/product_brand?post=9220"},{"taxonomy":"product_cat","embeddable":true,"href":"https:\/\/www.amalfilemonexperience.it\/it\/wp-json\/wp\/v2\/product_cat?post=9220"},{"taxonomy":"product_tag","embeddable":true,"href":"https:\/\/www.amalfilemonexperience.it\/it\/wp-json\/wp\/v2\/product_tag?post=9220"}],"curies":[{"name":"wp","href":"https:\/\/api.w.org\/{rel}","templated":true}]}}