{"id":7587,"date":"2019-05-07T15:41:56","date_gmt":"2019-05-07T13:41:56","guid":{"rendered":"https:\/\/amalfilemonexperience.it\/?post_type=product&#038;p=7587"},"modified":"2025-11-13T18:36:49","modified_gmt":"2025-11-13T17:36:49","slug":"lemon-tour-lunch","status":"publish","type":"product","link":"https:\/\/www.amalfilemonexperience.it\/it\/tour\/lemon-tour-lunch\/","title":{"rendered":"Lemon tour + Lunch"},"content":{"rendered":"<p>Cosa c\u2019\u00e8 di meglio, dopo un interessante visita nei nostri limoneti, che rilassarsi a tavola per assaporare piatti preparati con le antiche ricette amalfitane a base di limone? Il pacchetto <strong>Lemon tour + Lunch<\/strong> prevede una visita guidata all\u2019interno dei nostri limoneti e della azienda agricola in cui produciamo il limoncello ed a seguire un pranzo a men\u00f9 fisso con ricette della tradizione con un ingrediente speciale: il limone.<\/p>\n<p>Il men\u00f9 sar\u00e0 realizzato in base alla disponibilit\u00e0 stagionale dei prodotti e sar\u00e0 composto dalle seguenti portate:<\/p>\n<ul>\n<li>Antipasto della casa<\/li>\n<li>Primo<\/li>\n<li>Secondo<\/li>\n<li>Contorno<\/li>\n<li>Dolce<\/li>\n<li>Limoncello<\/li>\n<li>Caffe<\/li>\n<li>Acqua<\/li>\n<li>Una bottiglia di vino ogni quattro persone inclusa<\/li>\n<\/ul>\n<p>Scopri i dettagli del <a href=\"https:\/\/www.amalfilemonexperience.it\/it\/lemon-tour\/\">Lemon tour<\/a><\/p>\n","protected":false},"excerpt":{"rendered":"<p><strong>Partenza:<\/strong> Inizio ore 10.15<\/p>\n<p><strong>Partecipanti:<\/strong> Minimo 2 persone, massimo 15<\/p>\n<p><strong>NB. NON \u00c8 POSSIBILE PARCHEGGIARE PRESSO LA STRUTTURA<\/strong><br \/>\n[global-section id=\"35089\"]<\/p>\n","protected":false},"featured_media":367,"comment_status":"closed","ping_status":"closed","template":"","meta":[],"product_brand":[],"product_cat":[237],"product_tag":[],"class_list":{"0":"post-7587","1":"product","2":"type-product","3":"status-publish","4":"has-post-thumbnail","6":"product_cat-lemon-tour-experience-it","8":"first","9":"instock","10":"shipping-taxable","11":"purchasable","12":"product-type-simple"},"_links":{"self":[{"href":"https:\/\/www.amalfilemonexperience.it\/it\/wp-json\/wp\/v2\/product\/7587","targetHints":{"allow":["GET"]}}],"collection":[{"href":"https:\/\/www.amalfilemonexperience.it\/it\/wp-json\/wp\/v2\/product"}],"about":[{"href":"https:\/\/www.amalfilemonexperience.it\/it\/wp-json\/wp\/v2\/types\/product"}],"replies":[{"embeddable":true,"href":"https:\/\/www.amalfilemonexperience.it\/it\/wp-json\/wp\/v2\/comments?post=7587"}],"wp:featuredmedia":[{"embeddable":true,"href":"https:\/\/www.amalfilemonexperience.it\/it\/wp-json\/wp\/v2\/media\/367"}],"wp:attachment":[{"href":"https:\/\/www.amalfilemonexperience.it\/it\/wp-json\/wp\/v2\/media?parent=7587"}],"wp:term":[{"taxonomy":"product_brand","embeddable":true,"href":"https:\/\/www.amalfilemonexperience.it\/it\/wp-json\/wp\/v2\/product_brand?post=7587"},{"taxonomy":"product_cat","embeddable":true,"href":"https:\/\/www.amalfilemonexperience.it\/it\/wp-json\/wp\/v2\/product_cat?post=7587"},{"taxonomy":"product_tag","embeddable":true,"href":"https:\/\/www.amalfilemonexperience.it\/it\/wp-json\/wp\/v2\/product_tag?post=7587"}],"curies":[{"name":"wp","href":"https:\/\/api.w.org\/{rel}","templated":true}]}}