{"id":524,"date":"2017-05-16T09:49:44","date_gmt":"2017-05-16T07:49:44","guid":{"rendered":"https:\/\/amalfilemonexperience.it\/?post_type=product&#038;p=524\/"},"modified":"2022-11-23T18:00:43","modified_gmt":"2022-11-23T17:00:43","slug":"lemon-tour-cooking-class-privato","status":"publish","type":"product","link":"https:\/\/www.amalfilemonexperience.it\/it\/tour\/lemon-tour-cooking-class-privato\/","title":{"rendered":"Lemon tour + Cooking class privato <span>16:00<\/span>"},"content":{"rendered":"<p>La cucina campana vi ha rubato il cuore almeno quanto la bellezza del paesaggio che vi circonda. Siete curiosi di carpirne i segreti e preparare con le vostre mani piatti deliziosi e semplici e allo stesso tempo volete scoprire tutte le curiosit\u00e0 sul celebre Sfusato, limone amalfitano di nostra produzione,\u00a0 visitando i nostri limoneti e l&#8217;azienda in cui produciamo il limoncello? Scegliete il <strong>Lemon Tour + Cooking Class privato.<\/strong> Dedicatevi una giornata di completo relax e divermento a contatto con la natura, cucinando e degustando prelibatezza semplici e gustose tipiche della nostra tradizione.<\/p>\n<p>Per prima cosa vi faremo visitare i nostri limoneti, introducendovi nel mondo affascinante dello Sfusato. Poi si terr\u00e0 la cooking class. Ricorda il nostro motto \u00e8 &#8220;Se non cucini, non mangi!&#8221;. Quindi dovrai cucinare tutto il menu! Sar\u00e0 divertente. Al termine, potrete visitare la nostra azienda agricola in cui produciamo il limoncello e il Museo di Civilt\u00e0 contadina Arti e Mestieri.<\/p>\n<p>Al termine del tour, se vorrete potrete trascorre ancora del tempo nei nostri giardini, che saranno a vostra completa disposizione.<\/p>\n<p>Scopri i dettagli del <a href=\"https:\/\/www.amalfilemonexperience.it\/it\/lemon-tour\/\">Lemon Tour<\/a><\/p>\n","protected":false},"excerpt":{"rendered":"<p><strong>Orari: <\/strong>Partenza alle 16.00<\/p>\n<p><strong>Durata:<\/strong> 5h30 circa<\/p>\n<p><strong>Partecipanti:<\/strong> Minimo 2 &#8211; Massimo 15 persone<\/p>\n<p><strong>NB. NON \u00c8 POSSIBILE PARCHEGGIARE PRESSO LA STRUTTURA<\/strong><\/p>\n[global-section id=\"24075\"]\n","protected":false},"featured_media":11594,"comment_status":"closed","ping_status":"closed","template":"","meta":[],"product_brand":[],"product_cat":[235,208],"product_tag":[],"class_list":{"0":"post-524","1":"product","2":"type-product","3":"status-publish","4":"has-post-thumbnail","6":"product_cat-cooking-class","7":"product_cat-lemon-tour-cooking-class","9":"first","10":"instock","11":"shipping-taxable","12":"purchasable","13":"product-type-simple"},"_links":{"self":[{"href":"https:\/\/www.amalfilemonexperience.it\/it\/wp-json\/wp\/v2\/product\/524","targetHints":{"allow":["GET"]}}],"collection":[{"href":"https:\/\/www.amalfilemonexperience.it\/it\/wp-json\/wp\/v2\/product"}],"about":[{"href":"https:\/\/www.amalfilemonexperience.it\/it\/wp-json\/wp\/v2\/types\/product"}],"replies":[{"embeddable":true,"href":"https:\/\/www.amalfilemonexperience.it\/it\/wp-json\/wp\/v2\/comments?post=524"}],"wp:featuredmedia":[{"embeddable":true,"href":"https:\/\/www.amalfilemonexperience.it\/it\/wp-json\/wp\/v2\/media\/11594"}],"wp:attachment":[{"href":"https:\/\/www.amalfilemonexperience.it\/it\/wp-json\/wp\/v2\/media?parent=524"}],"wp:term":[{"taxonomy":"product_brand","embeddable":true,"href":"https:\/\/www.amalfilemonexperience.it\/it\/wp-json\/wp\/v2\/product_brand?post=524"},{"taxonomy":"product_cat","embeddable":true,"href":"https:\/\/www.amalfilemonexperience.it\/it\/wp-json\/wp\/v2\/product_cat?post=524"},{"taxonomy":"product_tag","embeddable":true,"href":"https:\/\/www.amalfilemonexperience.it\/it\/wp-json\/wp\/v2\/product_tag?post=524"}],"curies":[{"name":"wp","href":"https:\/\/api.w.org\/{rel}","templated":true}]}}