{"id":514,"date":"2017-05-15T17:03:34","date_gmt":"2017-05-15T15:03:34","guid":{"rendered":"https:\/\/amalfilemonexperience.it\/?post_type=product&#038;p=514\/"},"modified":"2026-02-05T15:49:57","modified_gmt":"2026-02-05T14:49:57","slug":"lemon-tour-classico","status":"publish","type":"product","link":"https:\/\/www.amalfilemonexperience.it\/it\/tour\/lemon-tour-classico\/","title":{"rendered":"Lemon tour classico <span>10:15<\/span>"},"content":{"rendered":"<p>I terrazzamenti che scolpiscono la montagna sono senza dubbio tra le immagini pi\u00f9 famose della Costiera Amalfitana. Qui da secoli i limoneti colorano l&#8217;ambiente e regalano un prodotto unico, celebre in tutto il mondo: il limone sfusato amalfitano. Quante volte hai desiderato di scoprire cosa si nasconde tra quelle macchie verdi e gialle? \u00c8 giunto il momento di regalati quest\u2019esperienza unica a contatto con la terra. Scegli il <strong>Classic lemon tour <\/strong>ed entra nei giardini della nostra azienda agricola.<br \/>\nPotrai ammirare esempi pratici della coltivazione e della raccolta, anche assistendo da vicino al lavoro dei contadini del nostro fondo, respirare la fragranza dei limoni ancora da cogliere e cogliere le sfaccettature di una produzione che ha a che fare con le radici pi\u00f9 profonde della tradizione amalfitana. Durante il tour potrai degustare potrai degustare anche dolci il cui protagonista \u00e8 lo sfusato: durante il break saranno serviti torta di limoni e limonata fresca per poi proseguire il programma con la visita al \u00a0Museo di Civilt\u00e0 Contadina Arte e Mestieri e all\u2019interno della nostra azienda dove potrai assistere alla produzione del limoncello e assaggiare il nostro prodotto.<\/p>\n<p>Potrai comprare in loco i nostri prodotti e i limoni appena colti con la possibilit\u00e0 anche effettuare delle spedizioni. La nostra azienda agricola \u00e8 certificata e produce limoni IGP. Il nostro spirito \u00e8 quello di offrirvi un\u2019esperienza emotiva oltre che arricchente dal punto di vista educativo. I nostri tour non sono adeguati a chi abbia problemi di salute o di mobilit\u00e0, essendo un percorso montuoso.<\/p>\n<p>Vuoi vivere un&#8217;esperienza esclusiva, solo con i tuoi compagni di viaggio?<\/p>\n<p>Guarda il <a class=\"btn\" href=\"https:\/\/www.amalfilemonexperience.it\/it\/tour\/lemon-tour-privato\/\">Lemon tour privato<\/a><\/p>\n","protected":false},"excerpt":{"rendered":"<div class=\"woocommerce-product-details__short-description\">\n<p><strong>Orari<\/strong>: La partenza \u00e8 intorno alle 10:15<\/p>\n<p><strong>Durata<\/strong>: circa un&#8217;ora e mezza (massimo 30 persone)<\/p>\n<p><strong>Prezzi speciali<\/strong>: Per i bambini fino a 2 anni il tour \u00e8 gratuito. Il costo d&#8217;ingresso da 2 a 10 anni \u00e8 di 15,00 \u20ac .<\/p>\n<p>Il periodo di piena (o splendore) dei limoni di Amalfi \u00e8 da Febbraio ad Agosto (periodo della raccolta). Nei periodi successivi o restanti si trovano i limoncini verdi in crescita.<\/p>\n<p><strong>NB. NON \u00c8 POSSIBILE PARCHEGGIARE PRESSO LA STRUTTURA<\/strong><\/p>\n[global-section id=\"35090\"]\n<\/div>\n","protected":false},"featured_media":571,"comment_status":"closed","ping_status":"closed","template":"","meta":[],"product_brand":[],"product_cat":[207],"product_tag":[],"class_list":{"0":"post-514","1":"product","2":"type-product","3":"status-publish","4":"has-post-thumbnail","6":"product_cat-lemon-tour","8":"first","9":"instock","10":"featured","11":"virtual","12":"purchasable","13":"product-type-simple"},"_links":{"self":[{"href":"https:\/\/www.amalfilemonexperience.it\/it\/wp-json\/wp\/v2\/product\/514","targetHints":{"allow":["GET"]}}],"collection":[{"href":"https:\/\/www.amalfilemonexperience.it\/it\/wp-json\/wp\/v2\/product"}],"about":[{"href":"https:\/\/www.amalfilemonexperience.it\/it\/wp-json\/wp\/v2\/types\/product"}],"replies":[{"embeddable":true,"href":"https:\/\/www.amalfilemonexperience.it\/it\/wp-json\/wp\/v2\/comments?post=514"}],"wp:featuredmedia":[{"embeddable":true,"href":"https:\/\/www.amalfilemonexperience.it\/it\/wp-json\/wp\/v2\/media\/571"}],"wp:attachment":[{"href":"https:\/\/www.amalfilemonexperience.it\/it\/wp-json\/wp\/v2\/media?parent=514"}],"wp:term":[{"taxonomy":"product_brand","embeddable":true,"href":"https:\/\/www.amalfilemonexperience.it\/it\/wp-json\/wp\/v2\/product_brand?post=514"},{"taxonomy":"product_cat","embeddable":true,"href":"https:\/\/www.amalfilemonexperience.it\/it\/wp-json\/wp\/v2\/product_cat?post=514"},{"taxonomy":"product_tag","embeddable":true,"href":"https:\/\/www.amalfilemonexperience.it\/it\/wp-json\/wp\/v2\/product_tag?post=514"}],"curies":[{"name":"wp","href":"https:\/\/api.w.org\/{rel}","templated":true}]}}