{"id":24901,"date":"2022-03-01T17:02:04","date_gmt":"2022-03-01T16:02:04","guid":{"rendered":"https:\/\/www.amalfilemonexperience.it\/?post_type=product&#038;p=24901"},"modified":"2024-07-22T16:38:01","modified_gmt":"2024-07-22T14:38:01","slug":"lemon-tour-pastry-class-cena-tipica","status":"publish","type":"product","link":"https:\/\/www.amalfilemonexperience.it\/it\/tour\/lemon-tour-pastry-class-cena-tipica\/","title":{"rendered":"Lemon tour privato+ Pasta Class e Cena tipica"},"content":{"rendered":"<p>Godetevi un pomeriggio amalfitano, immersi nel profumo dei limoni, visitando i nostri limoneti in fiore e ascoltando le caratteristiche del lavoro quotidiano che si tramanda da secoli di famiglia in famiglia di agricoltori.<br \/>\nDopo il tour dei limoni, scoprite i segreti della cucina mediterranea e i suoi sapori pi\u00f9 gustosi. Sporcatevi le mani di farina con la nostra pasta experiences: prepareremo insieme tre tipi di pasta diversi fatti a mano, seguendo le ricette tradizionali con un tocco di tipicit\u00e0 della Costiera Amalfitana.<br \/>\nAlla fine della nostra lezione di pasticceria, potrete godetevi una cena tipica con un ingrediente speciale: la pasta che avete preparato con le vostre mani.<\/p>\n<p>Il pacchetto <strong>Lemon tour + Pasta Class and Dinner<\/strong> consiste in una visita guidata della nostra azienda esclusiva per voi, seguita da un corso di pasta fatta a mano e da una cena a men\u00f9 fisso con ricette con un ingrediente speciale: Il limone di Amalfi e la pasta che abbiamo preparato insieme.<\/p>\n<p>Il men\u00f9 sar\u00e0 realizzato in base alla disponibilit\u00e0 stagionale dei prodotti e sar\u00e0 composto dalle seguenti portate:<\/p>\n<ul>\n<li>3 assaggi di Primi<\/li>\n<li>Dolce<\/li>\n<li>Limoncello<\/li>\n<li>Caffe<\/li>\n<li>Acqua<\/li>\n<li>Una bottiglia di vino ogni quattro persone inclusa<\/li>\n<\/ul>\n<p>Scopri i dettagli del <a href=\"https:\/\/www.amalfilemonexperience.it\/it\/lemon-tour\/\">Lemon tour<\/a><\/p>\n","protected":false},"excerpt":{"rendered":"<p><strong>Lemon tour + experience disponibile solo su richiesta.<\/strong><\/p>\n<p><strong>Partenza:<\/strong> Inizio ore 16.00<\/p>\n<p><strong>Partecipanti:<\/strong> Minimo 2 &#8211; massimo 10 persone<\/p>\n<p><strong>NB. NON \u00c8 POSSIBILE PARCHEGGIARE PRESSO LA STRUTTURA<\/strong><\/p>\n[global-section id=\"24075\"]\n","protected":false},"featured_media":17022,"comment_status":"closed","ping_status":"closed","template":"","meta":[],"product_brand":[],"product_cat":[237],"product_tag":[],"class_list":{"0":"post-24901","1":"product","2":"type-product","3":"status-publish","4":"has-post-thumbnail","6":"product_cat-lemon-tour-experience-it","8":"first","9":"instock","10":"shipping-taxable","11":"purchasable","12":"product-type-simple"},"_links":{"self":[{"href":"https:\/\/www.amalfilemonexperience.it\/it\/wp-json\/wp\/v2\/product\/24901","targetHints":{"allow":["GET"]}}],"collection":[{"href":"https:\/\/www.amalfilemonexperience.it\/it\/wp-json\/wp\/v2\/product"}],"about":[{"href":"https:\/\/www.amalfilemonexperience.it\/it\/wp-json\/wp\/v2\/types\/product"}],"replies":[{"embeddable":true,"href":"https:\/\/www.amalfilemonexperience.it\/it\/wp-json\/wp\/v2\/comments?post=24901"}],"wp:featuredmedia":[{"embeddable":true,"href":"https:\/\/www.amalfilemonexperience.it\/it\/wp-json\/wp\/v2\/media\/17022"}],"wp:attachment":[{"href":"https:\/\/www.amalfilemonexperience.it\/it\/wp-json\/wp\/v2\/media?parent=24901"}],"wp:term":[{"taxonomy":"product_brand","embeddable":true,"href":"https:\/\/www.amalfilemonexperience.it\/it\/wp-json\/wp\/v2\/product_brand?post=24901"},{"taxonomy":"product_cat","embeddable":true,"href":"https:\/\/www.amalfilemonexperience.it\/it\/wp-json\/wp\/v2\/product_cat?post=24901"},{"taxonomy":"product_tag","embeddable":true,"href":"https:\/\/www.amalfilemonexperience.it\/it\/wp-json\/wp\/v2\/product_tag?post=24901"}],"curies":[{"name":"wp","href":"https:\/\/api.w.org\/{rel}","templated":true}]}}