{"id":29,"date":"2014-01-28T11:55:42","date_gmt":"2014-01-28T10:55:42","guid":{"rendered":"https:\/\/amalfilemonexperience.it\/?page_id=29"},"modified":"2019-09-06T15:09:59","modified_gmt":"2019-09-06T13:09:59","slug":"cooking-classes","status":"publish","type":"page","link":"https:\/\/www.amalfilemonexperience.it\/it\/cooking-classes\/","title":{"rendered":"Cucina con i limoni"},"content":{"rendered":"<p>Cosa c\u2019\u00e8 di meglio del mangiar sano, soprattutto se si soddisfa anche il gusto? TuttI i benefici di cui il nostro corpo ha bisogno possono essere riscontrati nella <strong>dieta mediterranea<\/strong>.<\/p>\n<p>Partendo dalla ferma convinzione che essa sia unica al mondo, abbiamo realizzato questi corsi di cucina con l&#8217;obiettivo di portare i nostri amabili turisti quanto pi\u00f9 possibile alla scoperta dei piatti tipici della nostra tradizione, trascorrendo una giornata immersi nella natura.<\/p>\n<div\n\tid=\"maxslider-11554\"\n\tclass=\"maxslider\"\n\tdata-autoslide=\"true\" data-effect=\"fade\" data-slide-speed=\"5000\" data-height=\"\" data-height_unit=\"px\" data-navigation=\"arrows\" data-navigation_fg_color=\"\" data-navigation_bg_color=\"\" data-image_size=\"projektor_hero\" data-arrows=\"1\" data-arrows_fg_color=\"\" data-arrows_bg_color=\"\" >\n\t\t<div class=\"maxslider-slide maxslider-11554-slide-0\">\n\t\t<div class=\"maxslider-slide-content maxslider-align-center maxslider-align-middle\">\n\t\t\t<div class=\"maxslider-slide-content-pad\">\n\t\t\t\t\n\t\t\t\t\n\t\t\t\t\t\t\t<\/div>\n\t\t<\/div>\n\t<\/div>\n\t<div class=\"maxslider-slide maxslider-11554-slide-1\">\n\t\t<div class=\"maxslider-slide-content maxslider-align-center maxslider-align-middle\">\n\t\t\t<div class=\"maxslider-slide-content-pad\">\n\t\t\t\t\n\t\t\t\t\n\t\t\t\t\t\t\t<\/div>\n\t\t<\/div>\n\t<\/div>\n\t<div class=\"maxslider-slide maxslider-11554-slide-2\">\n\t\t<div class=\"maxslider-slide-content maxslider-align-center maxslider-align-middle\">\n\t\t\t<div class=\"maxslider-slide-content-pad\">\n\t\t\t\t\n\t\t\t\t\n\t\t\t\t\t\t\t<\/div>\n\t\t<\/div>\n\t<\/div>\n\t<div class=\"maxslider-slide maxslider-11554-slide-3\">\n\t\t<div class=\"maxslider-slide-content maxslider-align-center maxslider-align-middle\">\n\t\t\t<div class=\"maxslider-slide-content-pad\">\n\t\t\t\t\n\t\t\t\t\n\t\t\t\t\t\t\t<\/div>\n\t\t<\/div>\n\t<\/div>\n\t<div class=\"maxslider-slide maxslider-11554-slide-4\">\n\t\t<div class=\"maxslider-slide-content maxslider-align-center maxslider-align-middle\">\n\t\t\t<div class=\"maxslider-slide-content-pad\">\n\t\t\t\t\n\t\t\t\t\n\t\t\t\t\t\t\t<\/div>\n\t\t<\/div>\n\t<\/div>\n\t<div class=\"maxslider-slide maxslider-11554-slide-5\">\n\t\t<div class=\"maxslider-slide-content maxslider-align-center maxslider-align-middle\">\n\t\t\t<div class=\"maxslider-slide-content-pad\">\n\t\t\t\t\n\t\t\t\t\n\t\t\t\t\t\t\t<\/div>\n\t\t<\/div>\n\t<\/div>\n\t<div class=\"maxslider-slide maxslider-11554-slide-6\">\n\t\t<div class=\"maxslider-slide-content maxslider-align-center maxslider-align-middle\">\n\t\t\t<div class=\"maxslider-slide-content-pad\">\n\t\t\t\t\n\t\t\t\t\n\t\t\t\t\t\t\t<\/div>\n\t\t<\/div>\n\t<\/div>\n\t<div class=\"maxslider-slide maxslider-11554-slide-7\">\n\t\t<div class=\"maxslider-slide-content maxslider-align-center maxslider-align-middle\">\n\t\t\t<div class=\"maxslider-slide-content-pad\">\n\t\t\t\t\n\t\t\t\t\n\t\t\t\t\t\t\t<\/div>\n\t\t<\/div>\n\t<\/div>\n\t<div class=\"maxslider-slide maxslider-11554-slide-8\">\n\t\t<div class=\"maxslider-slide-content maxslider-align-center maxslider-align-middle\">\n\t\t\t<div class=\"maxslider-slide-content-pad\">\n\t\t\t\t\n\t\t\t\t\n\t\t\t\t\t\t\t<\/div>\n\t\t<\/div>\n\t<\/div>\n\t<div class=\"maxslider-slide maxslider-11554-slide-9\">\n\t\t<div class=\"maxslider-slide-content maxslider-align-center maxslider-align-middle\">\n\t\t\t<div class=\"maxslider-slide-content-pad\">\n\t\t\t\t\n\t\t\t\t\n\t\t\t\t\t\t\t<\/div>\n\t\t<\/div>\n\t<\/div>\n<\/div>\n\n<p>Seguiti da Giovanna e Ramona, diventerete i protagonisti cucinando con le vostre mani i piatti cult della cucina mediterranea della quale riceverete le nozioni fondamentali da poter riproporre e trasmettere nel vostro Paese. L&#8217;ingrediente speciale con cui ci divertiremo a preparare piatti saporiti e semplici \u00e8 ovviamente il limone, protagonista indiscusso della cucina della Costiera Amalfitana. Lo Sfusato Amalfitano \u00e8 una delle variet\u00e0 pi\u00f9 pregiate di limone e pu\u00f2 essere utilizzato in modo eccellente sia in pasticceria che come base per molte ricette, ma anche per la produzione di limoncello. Ti insegneremo tutti i segreti delle ricette tradizionali e ti guideremo alla scoperta di modi alternativi di usarlo ogni giorno in cucina.<\/p>\n<p>E c&#8217;\u00e8 di pi\u00f9: con noi potrete essere pizzaioli per un giorno! Scegliete le nostre Pizza Classes e mettete le mani in pasta insieme a noi! Imparete le fasi dell&#8217;impasto napoletano e preparete con noi un&#8217;ottima pizza margherita!<br \/>\nVi stiamo aspettando &#8230;.. Non perdete l&#8217;occasione di scoprire cose nuove e innamorarvi della cucina mediterranea!<\/p>\n<p><a class=\"btn\" href=\"https:\/\/www.amalfilemonexperience.it\/it\/categoria-tour\/cooking-class\/\">SCOPRI LE NOSTRE PIZZA &amp; COOKING CLASSES<\/a><\/p>\n<h3><\/h3>\n","protected":false},"excerpt":{"rendered":"<p>Cosa c\u2019\u00e8 di meglio del mangiar sano, soprattutto se si soddisfa anche il gusto? TuttI i benefici di cui il nostro corpo ha bisogno possono essere riscontrati nella dieta mediterranea. Partendo dalla ferma convinzione che essa sia unica al mondo, abbiamo realizzato questi corsi di cucina con l&#8217;obiettivo di portare i nostri amabili turisti quanto [&hellip;]<\/p>\n","protected":false},"author":1,"featured_media":0,"parent":0,"menu_order":0,"comment_status":"closed","ping_status":"closed","template":"","meta":{"footnotes":""},"class_list":["post-29","page","type-page","status-publish","hentry"],"_links":{"self":[{"href":"https:\/\/www.amalfilemonexperience.it\/it\/wp-json\/wp\/v2\/pages\/29","targetHints":{"allow":["GET"]}}],"collection":[{"href":"https:\/\/www.amalfilemonexperience.it\/it\/wp-json\/wp\/v2\/pages"}],"about":[{"href":"https:\/\/www.amalfilemonexperience.it\/it\/wp-json\/wp\/v2\/types\/page"}],"author":[{"embeddable":true,"href":"https:\/\/www.amalfilemonexperience.it\/it\/wp-json\/wp\/v2\/users\/1"}],"replies":[{"embeddable":true,"href":"https:\/\/www.amalfilemonexperience.it\/it\/wp-json\/wp\/v2\/comments?post=29"}],"version-history":[{"count":17,"href":"https:\/\/www.amalfilemonexperience.it\/it\/wp-json\/wp\/v2\/pages\/29\/revisions"}],"predecessor-version":[{"id":11590,"href":"https:\/\/www.amalfilemonexperience.it\/it\/wp-json\/wp\/v2\/pages\/29\/revisions\/11590"}],"wp:attachment":[{"href":"https:\/\/www.amalfilemonexperience.it\/it\/wp-json\/wp\/v2\/media?parent=29"}],"curies":[{"name":"wp","href":"https:\/\/api.w.org\/{rel}","templated":true}]}}